{"id":2225,"date":"2018-08-07T13:21:13","date_gmt":"2018-08-07T06:21:13","guid":{"rendered":"http:\/\/kanly.vn\/shop\/?post_type=product&#038;p=2225"},"modified":"2026-04-01T11:09:37","modified_gmt":"2026-04-01T04:09:37","slug":"gia-lavabo-da-tu-nhien-r17v","status":"publish","type":"product","link":"https:\/\/kanly.vn\/shop\/product\/gia-lavabo-da-tu-nhien-r17v\/","title":{"rendered":"Gi\u00e1 lavabo \u0111\u00e1 t\u1ef1 nhi\u00ean MAR17V"},"content":{"rendered":"<p>\u2013 Lavabo \u0111\u00e1 xanh r\u00eau c\u00f3 v\u00e2n, v\u1ec7t v\u00e0 nh\u1eefng v\u1ebft r\u1ea1n trong m\u1ed7i kh\u1ed1i \u0111\u00e1 \u0111\u01b0\u1ee3c h\u00ecnh th\u00e0nh qua ki\u1ebfn t\u1ea1o \u0111\u1ecba ch\u1ea5t h\u00e0ng tri\u1ec7u n\u0103m, x\u01b0\u1edfng s\u1ea3n xu\u1ea5t c\u1eaft ph\u00f4i \u0111\u00e1 theo quy c\u00e1ch ch\u1eadu t\u1eeb phi\u1ebfn \u0111\u00e1 nguy\u00ean kh\u1ed1i, do \u0111\u00f3 v\u00e2n v\u1ec7t v\u00e0 v\u1ebft r\u1ea1n l\u00e0 ng\u1eabu nhi\u00ean, t\u00f9y thu\u1ed9c v\u1ecb tr\u00ed c\u1eaft c\u00f3 th\u1ec3 c\u00f3 v\u00e2n, v\u1ec7t ch\u1ed7 \u0111\u1eadm nh\u1ea1t kh\u00e1c nhau, v\u1ebft r\u1ea1n c\u0169ng kh\u00e1c nhau, qu\u00fd kh\u00e1ch c\u00f3 th\u1ec3 l\u1ef1a v\u00e2n v\u1ec7t t\u1ea1i kho th\u00e0nh ph\u1ea9m c\u00f3 s\u1eb5n.<br \/>\n&#8211; Ch\u1ea5t li\u1ec7u(\u0111\u00e1) c\u1ee7a s\u1ea3n ph\u1ea9m n\u00e0y do ki\u1ebfn t\u1ea1o \u0111\u1ecba ch\u1ea5t h\u00ecnh th\u00e0nh n\u00ean \u0111\u1eb7c t\u00ednh l\u00fd h\u00f3a c\u1ee7a s\u1ea3n ph\u1ea9m ph\u1ee5 thu\u1ed9c v\u00e0o b\u1ea3n ch\u1ea5t c\u1ee7a ch\u1ea5t li\u1ec7u(\u0111\u00e1) t\u1ef1 nhi\u00ean, x\u01b0\u1edfng s\u1ea3n xu\u1ea5t kh\u00f4ng t\u1ea1o ra \u0111\u01b0\u1ee3c ch\u1ea5t li\u1ec7u n\u00e0y. X\u01b0\u1edfng s\u1ea3n xu\u1ea5t ch\u1ec9 khoan c\u1eaft \u0111\u1ee5c m\u00e0i kho\u00e9t ch\u1ebf t\u00e1c ra ki\u1ec3u d\u00e1ng h\u00ecnh th\u00e0nh c\u00e1i ch\u1eadu t\u1eeb phi\u1ebfn \u0111\u00e1 nguy\u00ean kh\u1ed1i khai th\u00e1c m\u1ecf mang v\u1ec1.<br \/>\n\u2013 <b>KanLy\u00ae<\/b> nh\u00e0 cung \u1ee9ng ch\u1eadu r\u1eeda, lavabo b\u1eb1ng \u0111\u00e1 t\u1ef1 nhi\u00ean nguy\u00ean kh\u1ed1i c\u00e1c lo\u1ea1i chuy\u00ean nghi\u1ec7p, s\u1ea3n ph\u1ea9m c\u00f3 b\u00e1n \u1edf c\u00e1c \u0111\u1ea1i l\u00fd, c\u1eeda h\u00e0ng v\u1eadt li\u1ec7u x\u00e2y d\u1ef1ng, thi\u1ebft b\u1ecb v\u1ec7 sinh, trang tr\u00ed n\u1ed9i th\u1ea5t to\u00e0n qu\u1ed1c, li\u00ean h\u1ec7 ch\u00fang t\u00f4i \u0111\u1ec3 c\u00f3 th\u00f4ng tin \u0111\u1ecba ch\u1ec9 b\u00e1n h\u00e0ng g\u1ea7n nh\u1ea5t.<br \/>\n&#8211; Gi\u00e1 lavabo \u0111\u00e1, gi\u00e1 lavabo b\u1eb1ng \u0111\u00e1 t\u1ef1 nhi\u00ean vui l\u00f2ng li\u00ean h\u1ec7, ch\u00ednh s\u00e1ch gi\u00e1 kh\u00e1c nhau cho t\u1eebng lo\u1ea1i h\u00ecnh, s\u1ed1 l\u01b0\u1ee3ng, v\u00f9ng mi\u1ec1n.<br \/>\n* <strong>Ghi ch\u00fa<\/strong>.<br \/>\n<em>\u2013 C\u00e1c ph\u1ee5 ki\u1ec7n nh\u01b0 v\u00f2i n\u01b0\u1edbc, b\u1ec7 \u0111\u1ec3, b\u1ed9 x\u1ea3, xiphong .. Kh\u00f4ng bao g\u1ed3m, c\u00e1c ph\u1ee5 ki\u1ec7n n\u00e0y \u0111\u01b0\u1ee3c ch\u00fang t\u00f4i cung c\u1ea5p ri\u00eang.<br \/>\n\u2013 S\u1ea3n ph\u1ea9m ch\u1ebf t\u00e1c th\u1ee7 c\u00f4ng t\u1eeb \u0111\u00e1 nguy\u00ean kh\u1ed1i, t\u1eebng chi\u1ebfc ri\u00eang l\u1ebb n\u00ean k\u00edch th\u01b0\u1edbc v\u00e0 tr\u1ecdng l\u01b0\u1ee3ng ch\u1eadu \u0111\u00e1 c\u00f3 sai s\u1ed1 nh\u1ecf.<\/em><\/p>\n<p><img decoding=\"async\" src=\"http:\/\/kanly.vn\/img_shop_2018\/lavabo_da\/MAR17V\/MAR17V_A.jpg\" alt=\"Gi\u00e1 lavabo \u0111\u00e1, gi\u00e1 lavabo b\u1eb1ng \u0111\u00e1 t\u1ef1 nhi\u00ean\" \/><\/p>\n<p><img decoding=\"async\" src=\"http:\/\/kanly.vn\/img_shop_2018\/lavabo_da\/MAR17V\/MAR17V_B.jpg\" alt=\"Gi\u00e1 lavabo \u0111\u00e1, gi\u00e1 lavabo b\u1eb1ng \u0111\u00e1 t\u1ef1 nhi\u00ean\" \/><\/p>\n","protected":false},"excerpt":{"rendered":"<ul>\n<li>Lavabo \u0111\u00e1 marble, t\u1ef1 nhi\u00ean<\/li>\n<li>Tr\u1ecdng l\u01b0\u1ee3ng kho\u1ea3ng: +\/-15 (kg)\/chi\u1ebfc<\/li>\n<li>K\u00edch th\u01b0\u1edbc \u0111\u01b0\u1eddng k\u00ednh ph\u1ee7 b\u00ec 400mm x cao 150mm<\/li>\n<li>Ch\u1ea5t li\u1ec7u s\u1ea3n ph\u1ea9m b\u1eb1ng \u0111\u00e1 nguy\u00ean kh\u1ed1i t\u1ef1 nhi\u00ean, \u0111\u00e1 phi\u1ebfn nguy\u00ean, khai th\u00e1c m\u1ecf<\/li>\n<li>T\u00ean g\u1ecdi\/lo\u1ea1i \u0111\u00e1: \u0110\u00e1 xanh Ng\u1ecdc L\u1eb7c, Nh\u01b0 Xu\u00e2n, Thanh H\u00f3a, Vi\u1ec7t Nam.., ho\u1eb7c c\u00f3 th\u1ec3 c\u00f3 nhi\u1ec1u t\u00ean g\u1ecdi kh\u00e1c<\/li>\n<li>Xu\u1ea5t x\u1ee9: S\u1ea3n xu\u1ea5t t\u1ea1i Vi\u1ec7t Nam theo ti\u00eau chu\u1ea9n c\u1ee7a <strong>KanLy\u00ae<\/strong><\/li>\n<\/ul>\n","protected":false},"featured_media":10849,"template":"","meta":[],"product_brand":[],"product_cat":[33],"product_tag":[447,82],"pa_chat-lieu-bo-xa":[],"pa_chat-lieu-chau-dong":[],"pa_chat-lieu-da":[245],"pa_chuc-nang-ban-de-vat-tu":[],"pa_chuc-nang-bo-xa":[],"pa_chuc-nang-chau-dong":[],"pa_chuc-nang-phu-kien":[],"pa_chuc-nang-sen-tam":[],"pa_chuc-nang-voi-nuoc":[],"pa_kich-thuoc-lavabo-da":[240,256],"pa_kich-thuoc-pheu-thu-san":[],"pa_kich-thuoc-voi-lavabo":[],"pa_kieu-dang-chau-su-mau":[],"pa_kieu-dang-lavabo-da":[232],"pa_loai-thiet-bi":[208],"pa_mau-bo-xa":[],"pa_mau-chau-dong":[],"pa_mau-lavabo-da":[250],"pa_mau-pheu-thu-san":[],"pa_mau-phu-kien":[],"pa_mau-sen-tam":[],"pa_mau-voi-nuoc-lavabo":[],"pa_xuat-su-chau-dong":[],"pa_xuat-xu":[251],"class_list":{"0":"post-2225","1":"product","2":"type-product","3":"status-publish","4":"has-post-thumbnail","6":"product_cat-lavabo-da-tu-nhien","7":"product_tag-lavabo-tron","8":"product_tag-lavabo-da-marble","9":"pa_chat-lieu-da-da-granite","10":"pa_kich-thuoc-lavabo-da-size-40cm","11":"pa_kich-thuoc-lavabo-da-tuy-dat","12":"pa_kieu-dang-lavabo-da-kieu-tron","13":"pa_loai-thiet-bi-lavabo-da-tu-nhien","14":"pa_mau-lavabo-da-xanh","15":"pa_xuat-xu-viet-nam","17":"first","18":"instock","19":"shipping-taxable","20":"product-type-simple"},"yoast_head":"<!-- This site is optimized with the Yoast SEO plugin v27.3 - https:\/\/yoast.com\/product\/yoast-seo-wordpress\/ -->\n<title>Gi\u00e1 lavabo \u0111\u00e1, gi\u00e1 lavabo b\u1eb1ng \u0111\u00e1 t\u1ef1 nhi\u00ean, ch\u1eadu r\u1eeda.<\/title>\n<meta name=\"description\" content=\"Gi\u00e1 lavabo \u0111\u00e1, gi\u00e1 lavabo b\u1eb1ng \u0111\u00e1 t\u1ef1 nhi\u00ean, lavabo \u0111\u00e1 t\u1ef1 nhi\u00ean hcm, lavabo \u0111\u00e1 t\u1ef1 nhi\u00ean \u0111\u00e0 n\u1eb5ng, lavabo \u0111\u00e1 t\u1ef1 nhi\u00ean h\u00e0 n\u1ed9i\" \/>\n<meta name=\"robots\" content=\"index, follow, max-snippet:-1, max-image-preview:large, max-video-preview:-1\" \/>\n<link rel=\"canonical\" href=\"https:\/\/kanly.vn\/shop\/product\/gia-lavabo-da-tu-nhien-r17v\/\" \/>\n<meta property=\"og:locale\" content=\"vi_VN\" \/>\n<meta property=\"og:type\" content=\"article\" \/>\n<meta property=\"og:title\" content=\"Gi\u00e1 lavabo \u0111\u00e1, gi\u00e1 lavabo b\u1eb1ng \u0111\u00e1 t\u1ef1 nhi\u00ean, ch\u1eadu r\u1eeda.\" \/>\n<meta property=\"og:description\" content=\"Gi\u00e1 lavabo \u0111\u00e1, gi\u00e1 lavabo b\u1eb1ng \u0111\u00e1 t\u1ef1 nhi\u00ean, lavabo \u0111\u00e1 t\u1ef1 nhi\u00ean hcm, lavabo \u0111\u00e1 t\u1ef1 nhi\u00ean \u0111\u00e0 n\u1eb5ng, lavabo \u0111\u00e1 t\u1ef1 nhi\u00ean h\u00e0 n\u1ed9i\" \/>\n<meta property=\"og:url\" content=\"https:\/\/kanly.vn\/shop\/product\/gia-lavabo-da-tu-nhien-r17v\/\" \/>\n<meta property=\"og:site_name\" content=\"C\u00d4NG TY TNHH KANLY\" \/>\n<meta property=\"article:publisher\" content=\"http:\/\/facebook.com\/kanly.vn\" \/>\n<meta property=\"article:modified_time\" content=\"2026-04-01T04:09:37+00:00\" \/>\n<meta property=\"og:image\" content=\"https:\/\/kanly.vn\/shop\/wp-content\/uploads\/2018\/08\/gia-lavabo-da-tu-nhien-r17v-a.jpg\" \/>\n\t<meta property=\"og:image:width\" content=\"800\" \/>\n\t<meta property=\"og:image:height\" content=\"800\" \/>\n\t<meta property=\"og:image:type\" content=\"image\/jpeg\" \/>\n<meta name=\"twitter:card\" content=\"summary_large_image\" \/>\n<meta name=\"twitter:label1\" content=\"\u01af\u1edbc t\u00ednh th\u1eddi gian \u0111\u1ecdc\" \/>\n\t<meta name=\"twitter:data1\" content=\"3 ph\u00fat\" \/>\n<script type=\"application\/ld+json\" class=\"yoast-schema-graph\">{\"@context\":\"https:\\\/\\\/schema.org\",\"@graph\":[{\"@type\":\"WebPage\",\"@id\":\"https:\\\/\\\/kanly.vn\\\/shop\\\/product\\\/gia-lavabo-da-tu-nhien-r17v\\\/\",\"url\":\"https:\\\/\\\/kanly.vn\\\/shop\\\/product\\\/gia-lavabo-da-tu-nhien-r17v\\\/\",\"name\":\"Gi\u00e1 lavabo \u0111\u00e1, gi\u00e1 lavabo b\u1eb1ng \u0111\u00e1 t\u1ef1 nhi\u00ean, ch\u1eadu r\u1eeda.\",\"isPartOf\":{\"@id\":\"https:\\\/\\\/kanly.vn\\\/shop\\\/#website\"},\"primaryImageOfPage\":{\"@id\":\"https:\\\/\\\/kanly.vn\\\/shop\\\/product\\\/gia-lavabo-da-tu-nhien-r17v\\\/#primaryimage\"},\"image\":{\"@id\":\"https:\\\/\\\/kanly.vn\\\/shop\\\/product\\\/gia-lavabo-da-tu-nhien-r17v\\\/#primaryimage\"},\"thumbnailUrl\":\"https:\\\/\\\/kanly.vn\\\/shop\\\/wp-content\\\/uploads\\\/2018\\\/08\\\/gia-lavabo-da-tu-nhien-r17v-a.jpg\",\"datePublished\":\"2018-08-07T06:21:13+00:00\",\"dateModified\":\"2026-04-01T04:09:37+00:00\",\"description\":\"Gi\u00e1 lavabo \u0111\u00e1, gi\u00e1 lavabo b\u1eb1ng \u0111\u00e1 t\u1ef1 nhi\u00ean, lavabo \u0111\u00e1 t\u1ef1 nhi\u00ean hcm, lavabo \u0111\u00e1 t\u1ef1 nhi\u00ean \u0111\u00e0 n\u1eb5ng, lavabo \u0111\u00e1 t\u1ef1 nhi\u00ean h\u00e0 n\u1ed9i\",\"breadcrumb\":{\"@id\":\"https:\\\/\\\/kanly.vn\\\/shop\\\/product\\\/gia-lavabo-da-tu-nhien-r17v\\\/#breadcrumb\"},\"inLanguage\":\"vi\",\"potentialAction\":[{\"@type\":\"ReadAction\",\"target\":[\"https:\\\/\\\/kanly.vn\\\/shop\\\/product\\\/gia-lavabo-da-tu-nhien-r17v\\\/\"]}]},{\"@type\":\"ImageObject\",\"inLanguage\":\"vi\",\"@id\":\"https:\\\/\\\/kanly.vn\\\/shop\\\/product\\\/gia-lavabo-da-tu-nhien-r17v\\\/#primaryimage\",\"url\":\"https:\\\/\\\/kanly.vn\\\/shop\\\/wp-content\\\/uploads\\\/2018\\\/08\\\/gia-lavabo-da-tu-nhien-r17v-a.jpg\",\"contentUrl\":\"https:\\\/\\\/kanly.vn\\\/shop\\\/wp-content\\\/uploads\\\/2018\\\/08\\\/gia-lavabo-da-tu-nhien-r17v-a.jpg\",\"width\":800,\"height\":800,\"caption\":\"Lavabo \u0111\u00e1 xanh r\u00eau c\u00f3 v\u00e2n, v\u1ec7t v\u00e0 nh\u1eefng v\u1ebft r\u1ea1n trong m\u1ed7i kh\u1ed1i \u0111\u00e1 \u0111\u01b0\u1ee3c h\u00ecnh th\u00e0nh qua ki\u1ebfn t\u1ea1o \u0111\u1ecba ch\u1ea5t h\u00e0ng tri\u1ec7u n\u0103m, x\u01b0\u1edfng s\u1ea3n xu\u1ea5t c\u1eaft ph\u00f4i \u0111\u00e1 theo quy c\u00e1ch ch\u1eadu t\u1eeb phi\u1ebfn \u0111\u00e1 nguy\u00ean kh\u1ed1i, do \u0111\u00f3 v\u00e2n v\u1ec7t v\u00e0 v\u1ebft r\u1ea1n l\u00e0 ng\u1eabu nhi\u00ean\"},{\"@type\":\"BreadcrumbList\",\"@id\":\"https:\\\/\\\/kanly.vn\\\/shop\\\/product\\\/gia-lavabo-da-tu-nhien-r17v\\\/#breadcrumb\",\"itemListElement\":[{\"@type\":\"ListItem\",\"position\":1,\"name\":\"Home\",\"item\":\"https:\\\/\\\/kanly.vn\\\/shop\\\/\"},{\"@type\":\"ListItem\",\"position\":2,\"name\":\"Thi\u1ebft b\u1ecb\",\"item\":\"https:\\\/\\\/kanly.vn\\\/shop\\\/thiet-bi-ve-sinh-co-dien\\\/\"},{\"@type\":\"ListItem\",\"position\":3,\"name\":\"Gi\u00e1 lavabo \u0111\u00e1 t\u1ef1 nhi\u00ean MAR17V\"}]},{\"@type\":\"WebSite\",\"@id\":\"https:\\\/\\\/kanly.vn\\\/shop\\\/#website\",\"url\":\"https:\\\/\\\/kanly.vn\\\/shop\\\/\",\"name\":\"KanLy\",\"description\":\"Thi\u1ebft b\u1ecb v\u1ec7 sinh, ph\u00f2ng t\u1eafm c\u1ed5 \u0111i\u1ec3n\",\"publisher\":{\"@id\":\"https:\\\/\\\/kanly.vn\\\/shop\\\/#organization\"},\"potentialAction\":[{\"@type\":\"SearchAction\",\"target\":{\"@type\":\"EntryPoint\",\"urlTemplate\":\"https:\\\/\\\/kanly.vn\\\/shop\\\/?s={search_term_string}\"},\"query-input\":{\"@type\":\"PropertyValueSpecification\",\"valueRequired\":true,\"valueName\":\"search_term_string\"}}],\"inLanguage\":\"vi\"},{\"@type\":\"Organization\",\"@id\":\"https:\\\/\\\/kanly.vn\\\/shop\\\/#organization\",\"name\":\"C\u00d4NG TY TNHH KANLY\",\"url\":\"https:\\\/\\\/kanly.vn\\\/shop\\\/\",\"logo\":{\"@type\":\"ImageObject\",\"inLanguage\":\"vi\",\"@id\":\"https:\\\/\\\/kanly.vn\\\/shop\\\/#\\\/schema\\\/logo\\\/image\\\/\",\"url\":\"https:\\\/\\\/kanly.vn\\\/shop\\\/wp-content\\\/uploads\\\/2023\\\/10\\\/Logo_2015-copy-scaled.jpg\",\"contentUrl\":\"https:\\\/\\\/kanly.vn\\\/shop\\\/wp-content\\\/uploads\\\/2023\\\/10\\\/Logo_2015-copy-scaled.jpg\",\"width\":2560,\"height\":730,\"caption\":\"C\u00d4NG TY TNHH KANLY\"},\"image\":{\"@id\":\"https:\\\/\\\/kanly.vn\\\/shop\\\/#\\\/schema\\\/logo\\\/image\\\/\"},\"sameAs\":[\"http:\\\/\\\/facebook.com\\\/kanly.vn\"]}]}<\/script>\n<!-- \/ Yoast SEO plugin. -->","yoast_head_json":{"title":"Gi\u00e1 lavabo \u0111\u00e1, gi\u00e1 lavabo b\u1eb1ng \u0111\u00e1 t\u1ef1 nhi\u00ean, ch\u1eadu r\u1eeda.","description":"Gi\u00e1 lavabo \u0111\u00e1, gi\u00e1 lavabo b\u1eb1ng \u0111\u00e1 t\u1ef1 nhi\u00ean, lavabo \u0111\u00e1 t\u1ef1 nhi\u00ean hcm, lavabo \u0111\u00e1 t\u1ef1 nhi\u00ean \u0111\u00e0 n\u1eb5ng, lavabo \u0111\u00e1 t\u1ef1 nhi\u00ean h\u00e0 n\u1ed9i","robots":{"index":"index","follow":"follow","max-snippet":"max-snippet:-1","max-image-preview":"max-image-preview:large","max-video-preview":"max-video-preview:-1"},"canonical":"https:\/\/kanly.vn\/shop\/product\/gia-lavabo-da-tu-nhien-r17v\/","og_locale":"vi_VN","og_type":"article","og_title":"Gi\u00e1 lavabo \u0111\u00e1, gi\u00e1 lavabo b\u1eb1ng \u0111\u00e1 t\u1ef1 nhi\u00ean, ch\u1eadu r\u1eeda.","og_description":"Gi\u00e1 lavabo \u0111\u00e1, gi\u00e1 lavabo b\u1eb1ng \u0111\u00e1 t\u1ef1 nhi\u00ean, lavabo \u0111\u00e1 t\u1ef1 nhi\u00ean hcm, lavabo \u0111\u00e1 t\u1ef1 nhi\u00ean \u0111\u00e0 n\u1eb5ng, lavabo \u0111\u00e1 t\u1ef1 nhi\u00ean h\u00e0 n\u1ed9i","og_url":"https:\/\/kanly.vn\/shop\/product\/gia-lavabo-da-tu-nhien-r17v\/","og_site_name":"C\u00d4NG TY TNHH KANLY","article_publisher":"http:\/\/facebook.com\/kanly.vn","article_modified_time":"2026-04-01T04:09:37+00:00","og_image":[{"width":800,"height":800,"url":"https:\/\/kanly.vn\/shop\/wp-content\/uploads\/2018\/08\/gia-lavabo-da-tu-nhien-r17v-a.jpg","type":"image\/jpeg"}],"twitter_card":"summary_large_image","twitter_misc":{"\u01af\u1edbc t\u00ednh th\u1eddi gian \u0111\u1ecdc":"3 ph\u00fat"},"schema":{"@context":"https:\/\/schema.org","@graph":[{"@type":"WebPage","@id":"https:\/\/kanly.vn\/shop\/product\/gia-lavabo-da-tu-nhien-r17v\/","url":"https:\/\/kanly.vn\/shop\/product\/gia-lavabo-da-tu-nhien-r17v\/","name":"Gi\u00e1 lavabo \u0111\u00e1, gi\u00e1 lavabo b\u1eb1ng \u0111\u00e1 t\u1ef1 nhi\u00ean, ch\u1eadu r\u1eeda.","isPartOf":{"@id":"https:\/\/kanly.vn\/shop\/#website"},"primaryImageOfPage":{"@id":"https:\/\/kanly.vn\/shop\/product\/gia-lavabo-da-tu-nhien-r17v\/#primaryimage"},"image":{"@id":"https:\/\/kanly.vn\/shop\/product\/gia-lavabo-da-tu-nhien-r17v\/#primaryimage"},"thumbnailUrl":"https:\/\/kanly.vn\/shop\/wp-content\/uploads\/2018\/08\/gia-lavabo-da-tu-nhien-r17v-a.jpg","datePublished":"2018-08-07T06:21:13+00:00","dateModified":"2026-04-01T04:09:37+00:00","description":"Gi\u00e1 lavabo \u0111\u00e1, gi\u00e1 lavabo b\u1eb1ng \u0111\u00e1 t\u1ef1 nhi\u00ean, lavabo \u0111\u00e1 t\u1ef1 nhi\u00ean hcm, lavabo \u0111\u00e1 t\u1ef1 nhi\u00ean \u0111\u00e0 n\u1eb5ng, lavabo \u0111\u00e1 t\u1ef1 nhi\u00ean h\u00e0 n\u1ed9i","breadcrumb":{"@id":"https:\/\/kanly.vn\/shop\/product\/gia-lavabo-da-tu-nhien-r17v\/#breadcrumb"},"inLanguage":"vi","potentialAction":[{"@type":"ReadAction","target":["https:\/\/kanly.vn\/shop\/product\/gia-lavabo-da-tu-nhien-r17v\/"]}]},{"@type":"ImageObject","inLanguage":"vi","@id":"https:\/\/kanly.vn\/shop\/product\/gia-lavabo-da-tu-nhien-r17v\/#primaryimage","url":"https:\/\/kanly.vn\/shop\/wp-content\/uploads\/2018\/08\/gia-lavabo-da-tu-nhien-r17v-a.jpg","contentUrl":"https:\/\/kanly.vn\/shop\/wp-content\/uploads\/2018\/08\/gia-lavabo-da-tu-nhien-r17v-a.jpg","width":800,"height":800,"caption":"Lavabo \u0111\u00e1 xanh r\u00eau c\u00f3 v\u00e2n, v\u1ec7t v\u00e0 nh\u1eefng v\u1ebft r\u1ea1n trong m\u1ed7i kh\u1ed1i \u0111\u00e1 \u0111\u01b0\u1ee3c h\u00ecnh th\u00e0nh qua ki\u1ebfn t\u1ea1o \u0111\u1ecba ch\u1ea5t h\u00e0ng tri\u1ec7u n\u0103m, x\u01b0\u1edfng s\u1ea3n xu\u1ea5t c\u1eaft ph\u00f4i \u0111\u00e1 theo quy c\u00e1ch ch\u1eadu t\u1eeb phi\u1ebfn \u0111\u00e1 nguy\u00ean kh\u1ed1i, do \u0111\u00f3 v\u00e2n v\u1ec7t v\u00e0 v\u1ebft r\u1ea1n l\u00e0 ng\u1eabu nhi\u00ean"},{"@type":"BreadcrumbList","@id":"https:\/\/kanly.vn\/shop\/product\/gia-lavabo-da-tu-nhien-r17v\/#breadcrumb","itemListElement":[{"@type":"ListItem","position":1,"name":"Home","item":"https:\/\/kanly.vn\/shop\/"},{"@type":"ListItem","position":2,"name":"Thi\u1ebft b\u1ecb","item":"https:\/\/kanly.vn\/shop\/thiet-bi-ve-sinh-co-dien\/"},{"@type":"ListItem","position":3,"name":"Gi\u00e1 lavabo \u0111\u00e1 t\u1ef1 nhi\u00ean MAR17V"}]},{"@type":"WebSite","@id":"https:\/\/kanly.vn\/shop\/#website","url":"https:\/\/kanly.vn\/shop\/","name":"KanLy","description":"Thi\u1ebft b\u1ecb v\u1ec7 sinh, ph\u00f2ng t\u1eafm c\u1ed5 \u0111i\u1ec3n","publisher":{"@id":"https:\/\/kanly.vn\/shop\/#organization"},"potentialAction":[{"@type":"SearchAction","target":{"@type":"EntryPoint","urlTemplate":"https:\/\/kanly.vn\/shop\/?s={search_term_string}"},"query-input":{"@type":"PropertyValueSpecification","valueRequired":true,"valueName":"search_term_string"}}],"inLanguage":"vi"},{"@type":"Organization","@id":"https:\/\/kanly.vn\/shop\/#organization","name":"C\u00d4NG TY TNHH KANLY","url":"https:\/\/kanly.vn\/shop\/","logo":{"@type":"ImageObject","inLanguage":"vi","@id":"https:\/\/kanly.vn\/shop\/#\/schema\/logo\/image\/","url":"https:\/\/kanly.vn\/shop\/wp-content\/uploads\/2023\/10\/Logo_2015-copy-scaled.jpg","contentUrl":"https:\/\/kanly.vn\/shop\/wp-content\/uploads\/2023\/10\/Logo_2015-copy-scaled.jpg","width":2560,"height":730,"caption":"C\u00d4NG TY TNHH KANLY"},"image":{"@id":"https:\/\/kanly.vn\/shop\/#\/schema\/logo\/image\/"},"sameAs":["http:\/\/facebook.com\/kanly.vn"]}]}},"_links":{"self":[{"href":"https:\/\/kanly.vn\/shop\/wp-json\/wp\/v2\/product\/2225","targetHints":{"allow":["GET"]}}],"collection":[{"href":"https:\/\/kanly.vn\/shop\/wp-json\/wp\/v2\/product"}],"about":[{"href":"https:\/\/kanly.vn\/shop\/wp-json\/wp\/v2\/types\/product"}],"wp:featuredmedia":[{"embeddable":true,"href":"https:\/\/kanly.vn\/shop\/wp-json\/wp\/v2\/media\/10849"}],"wp:attachment":[{"href":"https:\/\/kanly.vn\/shop\/wp-json\/wp\/v2\/media?parent=2225"}],"wp:term":[{"taxonomy":"product_brand","embeddable":true,"href":"https:\/\/kanly.vn\/shop\/wp-json\/wp\/v2\/product_brand?post=2225"},{"taxonomy":"product_cat","embeddable":true,"href":"https:\/\/kanly.vn\/shop\/wp-json\/wp\/v2\/product_cat?post=2225"},{"taxonomy":"product_tag","embeddable":true,"href":"https:\/\/kanly.vn\/shop\/wp-json\/wp\/v2\/product_tag?post=2225"},{"taxonomy":"pa_chat-lieu-bo-xa","embeddable":true,"href":"https:\/\/kanly.vn\/shop\/wp-json\/wp\/v2\/pa_chat-lieu-bo-xa?post=2225"},{"taxonomy":"pa_chat-lieu-chau-dong","embeddable":true,"href":"https:\/\/kanly.vn\/shop\/wp-json\/wp\/v2\/pa_chat-lieu-chau-dong?post=2225"},{"taxonomy":"pa_chat-lieu-da","embeddable":true,"href":"https:\/\/kanly.vn\/shop\/wp-json\/wp\/v2\/pa_chat-lieu-da?post=2225"},{"taxonomy":"pa_chuc-nang-ban-de-vat-tu","embeddable":true,"href":"https:\/\/kanly.vn\/shop\/wp-json\/wp\/v2\/pa_chuc-nang-ban-de-vat-tu?post=2225"},{"taxonomy":"pa_chuc-nang-bo-xa","embeddable":true,"href":"https:\/\/kanly.vn\/shop\/wp-json\/wp\/v2\/pa_chuc-nang-bo-xa?post=2225"},{"taxonomy":"pa_chuc-nang-chau-dong","embeddable":true,"href":"https:\/\/kanly.vn\/shop\/wp-json\/wp\/v2\/pa_chuc-nang-chau-dong?post=2225"},{"taxonomy":"pa_chuc-nang-phu-kien","embeddable":true,"href":"https:\/\/kanly.vn\/shop\/wp-json\/wp\/v2\/pa_chuc-nang-phu-kien?post=2225"},{"taxonomy":"pa_chuc-nang-sen-tam","embeddable":true,"href":"https:\/\/kanly.vn\/shop\/wp-json\/wp\/v2\/pa_chuc-nang-sen-tam?post=2225"},{"taxonomy":"pa_chuc-nang-voi-nuoc","embeddable":true,"href":"https:\/\/kanly.vn\/shop\/wp-json\/wp\/v2\/pa_chuc-nang-voi-nuoc?post=2225"},{"taxonomy":"pa_kich-thuoc-lavabo-da","embeddable":true,"href":"https:\/\/kanly.vn\/shop\/wp-json\/wp\/v2\/pa_kich-thuoc-lavabo-da?post=2225"},{"taxonomy":"pa_kich-thuoc-pheu-thu-san","embeddable":true,"href":"https:\/\/kanly.vn\/shop\/wp-json\/wp\/v2\/pa_kich-thuoc-pheu-thu-san?post=2225"},{"taxonomy":"pa_kich-thuoc-voi-lavabo","embeddable":true,"href":"https:\/\/kanly.vn\/shop\/wp-json\/wp\/v2\/pa_kich-thuoc-voi-lavabo?post=2225"},{"taxonomy":"pa_kieu-dang-chau-su-mau","embeddable":true,"href":"https:\/\/kanly.vn\/shop\/wp-json\/wp\/v2\/pa_kieu-dang-chau-su-mau?post=2225"},{"taxonomy":"pa_kieu-dang-lavabo-da","embeddable":true,"href":"https:\/\/kanly.vn\/shop\/wp-json\/wp\/v2\/pa_kieu-dang-lavabo-da?post=2225"},{"taxonomy":"pa_loai-thiet-bi","embeddable":true,"href":"https:\/\/kanly.vn\/shop\/wp-json\/wp\/v2\/pa_loai-thiet-bi?post=2225"},{"taxonomy":"pa_mau-bo-xa","embeddable":true,"href":"https:\/\/kanly.vn\/shop\/wp-json\/wp\/v2\/pa_mau-bo-xa?post=2225"},{"taxonomy":"pa_mau-chau-dong","embeddable":true,"href":"https:\/\/kanly.vn\/shop\/wp-json\/wp\/v2\/pa_mau-chau-dong?post=2225"},{"taxonomy":"pa_mau-lavabo-da","embeddable":true,"href":"https:\/\/kanly.vn\/shop\/wp-json\/wp\/v2\/pa_mau-lavabo-da?post=2225"},{"taxonomy":"pa_mau-pheu-thu-san","embeddable":true,"href":"https:\/\/kanly.vn\/shop\/wp-json\/wp\/v2\/pa_mau-pheu-thu-san?post=2225"},{"taxonomy":"pa_mau-phu-kien","embeddable":true,"href":"https:\/\/kanly.vn\/shop\/wp-json\/wp\/v2\/pa_mau-phu-kien?post=2225"},{"taxonomy":"pa_mau-sen-tam","embeddable":true,"href":"https:\/\/kanly.vn\/shop\/wp-json\/wp\/v2\/pa_mau-sen-tam?post=2225"},{"taxonomy":"pa_mau-voi-nuoc-lavabo","embeddable":true,"href":"https:\/\/kanly.vn\/shop\/wp-json\/wp\/v2\/pa_mau-voi-nuoc-lavabo?post=2225"},{"taxonomy":"pa_xuat-su-chau-dong","embeddable":true,"href":"https:\/\/kanly.vn\/shop\/wp-json\/wp\/v2\/pa_xuat-su-chau-dong?post=2225"},{"taxonomy":"pa_xuat-xu","embeddable":true,"href":"https:\/\/kanly.vn\/shop\/wp-json\/wp\/v2\/pa_xuat-xu?post=2225"}],"curies":[{"name":"wp","href":"https:\/\/api.w.org\/{rel}","templated":true}]}}