{"id":11550,"date":"2023-10-02T11:53:36","date_gmt":"2023-10-02T04:53:36","guid":{"rendered":"https:\/\/kanly.vn\/shop\/?post_type=product&#038;p=11550"},"modified":"2026-04-01T11:29:09","modified_gmt":"2026-04-01T04:29:09","slug":"chau-rua-mat-vuong-bang-da-cream-marble-mar051i","status":"publish","type":"product","link":"https:\/\/kanly.vn\/shop\/product\/chau-rua-mat-vuong-bang-da-cream-marble-mar051i\/","title":{"rendered":"Ch\u1eadu r\u1eeda m\u1eb7t vu\u00f4ng b\u1eb1ng \u0111\u00e1 cream marble MAR051i"},"content":{"rendered":"<p><em>Ch\u1eadu r\u1eeda m\u1eb7t vu\u00f4ng b\u1eb1ng \u0111\u00e1 cream marble MAR051i<\/em> mang v\u1ebb \u0111\u1eb9p t\u1ef1 nhi\u00ean c\u00f9ng v\u1edbi phong c\u00e1ch m\u1ef9 thu\u1eadt \u0111\u1ed9c \u0111\u00e1o. Khi b\u00e0y tr\u00ed chi\u1ebfc ch\u1eadu trong kh\u00f4ng gian n\u1ed9i th\u1ea5t nh\u00e0 t\u1eafm theo xu h\u01b0\u1edbng m\u1ed9c m\u1ea1c, x\u01b0a c\u1ed5 s\u1ebd \u0111\u1ec3 l\u1ea1i \u1ea5n t\u01b0\u1ee3ng kh\u00f3 qu\u00ean cho nh\u1eefng ai \u0111\u00e3 s\u1eed d\u1ee5ng qua.<\/p>\n<p><img decoding=\"async\" class=\"aligncenter\" src=\"https:\/\/kanly.vn\/images\/2023\/11550\/chau-rua-mat-vuong-bang-da-cream-marble-mar051i-1.jpg\" alt=\"Ch\u1eadu r\u1eeda m\u1eb7t vu\u00f4ng b\u1eb1ng \u0111\u00e1 cream marble\" \/><\/p>\n<p><img decoding=\"async\" class=\"aligncenter\" src=\"https:\/\/kanly.vn\/images\/2023\/11550\/chau-rua-mat-vuong-bang-da-cream-marble-mar051i-2.jpg\" alt=\"Ph\u1ed1i c\u1ea3nh lavabo h\u00ecnh vu\u00f4ng cream marble MAR051i\" \/><\/p>\n<p>Chi\u1ebfc ch\u1eadu \u0111\u01b0\u1ee3c ch\u1ebf t\u00e1c t\u1eeb nh\u1eefng phi\u1ebfn \u0111\u00e1 nguy\u00ean kh\u1ed1i \u0111\u01b0\u1ee3c khai th\u00e1c t\u1eeb m\u1ecf \u0111em v\u1ec1 v\u00e0 x\u01b0\u1edfng s\u1ea3n xu\u1ea5t \u0111\u00e3 th\u1ef1c hi\u1ec7n \u0111o c\u1eaft \u0111\u00e1 theo quy c\u00e1ch ch\u1eadu, khoang, \u0111\u1ee5c, m\u00e0i kho\u00e9t \u0111\u1ec3 ho\u00e0n thi\u1ec7n n\u00ean s\u1ea3n ph\u1ea9m. B\u1ec1 m\u1eb7t b\u00ean trong \u0111\u01b0\u1ee3c m\u00e0i nh\u1eb5n, \u0111\u00e1nh b\u00f3ng s\u00e1ng \u0111\u1eb9p, \u0111\u1ea3m b\u1ea3o an to\u00e0n khi s\u1eed d\u1ee5ng v\u00e0 b\u1ec1 m\u1eb7t b\u00ean ngo\u00e0i \u0111\u01b0\u1ee3c ho\u00e0n thi\u1ec7n ki\u1ec3u x\u00f9 x\u00ec, gi\u1eef v\u1ebb \u0111\u1eb9p th\u00f4 s\u01a1, m\u1ed9c m\u1ea1c, mang \u0111\u1eadm phong c\u00e1ch \u0111\u1ed9c \u0111\u00e1o, t\u1ef1 nhi\u00ean c\u1ee7a t\u1ea1o h\u00f3a.<\/p>\n<p><img decoding=\"async\" class=\"aligncenter\" src=\"https:\/\/kanly.vn\/images\/2023\/11550\/chau-rua-mat-vuong-bang-da-cream-marble-mar051i-3.jpg\" alt=\"Ch\u1eadu r\u1eeda m\u1eb7t \u0111\u01b0\u1ee3c ch\u1ebf t\u00e1c t\u1eeb \u0111\u00e1 t\u1ef1 nhi\u00ean khai th\u00e1c \u1edf m\u1ecf \u0111\u00e1\" \/><\/p>\n<p>\u0110\u01b0\u1ee3c ch\u1ebf t\u00e1c v\u00e0 ho\u00e0n thi\u1ec7n t\u1eeb \u0111\u00e1 marble t\u1ef1 nhi\u00ean \u0111\u00e3 tr\u1ea3i qua h\u00ecnh th\u00e0nh qua ki\u1ebfn t\u1ea1o \u0111\u1ecba ch\u1ea5t h\u00e0ng tri\u1ec7u n\u0103m v\u1eady n\u00ean chi\u1ebfc lavabo s\u1edf h\u1eefu nh\u1eefng \u0111\u1eb7c t\u00ednh l\u00fd h\u00f3a ph\u1ee5 thu\u1ed9c v\u00e0o b\u1ea3n ch\u1ea5t t\u1ef1 nhi\u00ean c\u1ee7a kh\u1ed1i \u0111\u00e1. C\u00e1c \u0111\u01b0\u1eddng v\u00e2n, v\u1ebft r\u1ea1n tr\u00ean m\u1ed7i chi\u1ebfc ch\u1eadu l\u00e0 ng\u1eabu nhi\u00ean t\u00f9y thu\u1ed9c v\u00e0o v\u1ecb tr\u00ed c\u1eaft \u0111\u00e1 m\u00e0 ngay c\u1ea3 nh\u1eefng ng\u01b0\u1eddi th\u1ee3 \u0111\u00e1, x\u01b0\u1edfng s\u1ea3n xu\u1ea5t c\u0169ng kh\u00f4ng th\u1ec3 thay \u0111\u1ed5i ho\u1eb7c t\u1ea1o ra \u0111\u01b0\u1ee3c.<\/p>\n<p><img decoding=\"async\" class=\"aligncenter\" src=\"https:\/\/kanly.vn\/images\/2023\/11550\/chau-rua-mat-vuong-bang-da-cream-marble-mar051i-4.jpg\" alt=\"Lavabo \u0111\u01b0\u1ee3c ho\u00e0n thi\u1ec7n t\u1eeb ch\u1ea5t li\u1ec7u \u0111\u00e1 marble m\u00e0u kem sang tr\u1ecdng\" \/><\/p>\n<p><img decoding=\"async\" class=\"aligncenter\" src=\"https:\/\/kanly.vn\/images\/2023\/11550\/chau-rua-mat-vuong-bang-da-cream-marble-mar051i-5.jpg\" alt=\"V\u00e2n \u0111\u00e1, v\u1ebft r\u1ea1n tr\u00ean m\u1ed7i chi\u1ebfc ch\u1eadu l\u00e0 ng\u1eabu nhi\u00ean\" \/><\/p>\n<p>V\u1ebb \u0111\u1eb9p m\u1ef9 thu\u1eadt \u0111\u1ed9c \u0111\u00e1o, s\u1ef1 m\u1ed9c m\u1ea1c t\u1ef1 nhi\u00ean c\u1ee7a kh\u00f4ng gian ki\u1ebfn tr\u00fac nh\u00e0 t\u1eafm s\u1ebd \u0111\u01b0\u1ee3c th\u1ec3 hi\u1ec7n r\u00f5 n\u00e9t khi k\u1ebft h\u1ee3p <em>ch\u1eadu r\u1eeda m\u1eb7t vu\u00f4ng b\u1eb1ng \u0111\u00e1 cream marble MAR051i<\/em> c\u00f9ng v\u1edbi c\u00e1c thi\u1ebft b\u1ecb v\u00f2i n\u01b0\u1edbc, ph\u1ee5 ki\u1ec7n, b\u1ed9 x\u1ea3 b\u1eb1ng \u0111\u1ed3ng thau gi\u1ea3 c\u1ed5 do <strong>KanLy\u00ae<\/strong> cung c\u1ea5p.<\/p>\n<p><img decoding=\"async\" class=\"aligncenter\" src=\"https:\/\/kanly.vn\/images\/2023\/11550\/chau-rua-mat-vuong-bang-da-cream-marble-mar051i-6.jpg\" alt=\"Ch\u1eadu r\u1eeda m\u1eb7t vu\u00f4ng MAR051i k\u1ebft h\u1ee3p v\u1edbi m\u1eb7t b\u00e0n b\u1eb1ng \u0111\u00e1 marble t\u1ef1 nhi\u00ean\" \/><\/p>\n<p><em>Ch\u1eadu r\u1eeda m\u1eb7t vu\u00f4ng b\u1eb1ng \u0111\u00e1 cream marble MAR051i<\/em> c\u00f3 k\u00edch th\u01b0\u1edbc \u0111\u01b0\u1eddng k\u00ednh ph\u1ee7 b\u00ec kho\u1ea3ng 400mm, chi\u1ec1u cao 150mm, ph\u00f9 h\u1ee3p \u0111\u1eb7t tr\u00ean m\u1eb7t b\u00e0n g\u1ed7, m\u1eb7t b\u00e0n \u0111\u00e1 t\u1ef1 nhi\u00ean v\u00e0 ph\u1ed1i c\u1ea3nh trong kh\u00f4ng gian n\u1ed9i th\u1ea5t ph\u00f2ng t\u1eafm, khu nh\u00e0 v\u1ec7 sinh theo xu h\u01b0\u1edbng s\u00e2n v\u01b0\u1eddn, m\u1ed9c m\u1ea1c, thi\u00ean nhi\u00ean ngo\u00e0i tr\u1eddi&#8230;<\/p>\n<p><img decoding=\"async\" class=\"aligncenter\" src=\"https:\/\/kanly.vn\/images\/2023\/11550\/chau-rua-mat-vuong-bang-da-cream-marble-mar051i-7.jpg\" alt=\"\u0110a d\u1ea1ng ki\u1ec3u d\u00e1ng c\u00e1c lo\u1ea1i ch\u1eadu r\u1eeda tay b\u1eb1ng \u0111\u00e1 t\u1ef1 nhi\u00ean\" \/><\/p>\n<p><em>* L\u01b0u \u00fd:<\/em><br \/>\n\u2013 M\u00e0u s\u1eafc, v\u00e2n, v\u1ebft r\u1ea1n c\u1ee7a \u0111\u00e1 t\u1ef1 nhi\u00ean tr\u00ean m\u1ed7i s\u1ea3n ph\u1ea9m l\u00e0 ng\u1eabu nhi\u00ean, kh\u00f4ng tr\u00f9ng l\u1eb7p.<br \/>\n\u2013 Th\u01b0\u1eddng xuy\u00ean lau r\u1eeda s\u1ea3n ph\u1ea9m \u0111\u1ec3 gi\u1eef g\u00ecn b\u1ec1 m\u1eb7t ch\u1ea5t li\u1ec7u \u1ed5n \u0111\u1ecbnh, b\u1ec1n b\u1ec9 h\u01a1n.<br \/>\n\u2013 C\u00e1c ph\u1ee5 ki\u1ec7n nh\u01b0: V\u00f2i n\u01b0\u1edbc, b\u1ec7 \u0111\u1ec3, b\u1ed9 x\u1ea3, xiphong,\u2026 kh\u00f4ng k\u00e8m theo. C\u00e1c ph\u1ee5 ki\u1ec7n n\u00e0y \u0111\u01b0\u1ee3c ch\u00fang t\u00f4i cung c\u1ea5p ri\u00eang.<\/p>\n<p><strong>KanLy\u00ae<\/strong> l\u00e0 nh\u00e0 cung c\u1ea5p c\u00e1c lo\u1ea1i <a href=\"https:\/\/kanly.vn\/shop\/product-category\/lavabo-da-tu-nhien\/\" target=\"_blank\" rel=\"noopener noreferrer\">lavabo \u0111\u00e1 t\u1ef1 nhi\u00ean<\/a> \u0111a d\u1ea1ng, chuy\u00ean nghi\u1ec7p, ch\u1ea5t l\u01b0\u1ee3ng c\u00f9ng c\u00e1c ch\u00ednh s\u00e1ch b\u00e1n h\u00e0ng, h\u1eadu m\u00e3i th\u00e2n thi\u1ec7n h\u1eefu h\u1ea3o. <em>Ch\u1eadu r\u1eeda m\u1eb7t vu\u00f4ng b\u1eb1ng \u0111\u00e1 cream marble MAR051i<\/em> c\u00f3 b\u00e1n \u1edf c\u00e1c \u0111\u1ea1i l\u00fd, c\u1eeda h\u00e0ng v\u1eadt li\u1ec7u x\u00e2y d\u1ef1ng, thi\u1ebft b\u1ecb v\u1ec7 sinh, trang tr\u00ed n\u1ed9i th\u1ea5t to\u00e0n qu\u1ed1c.<\/p>\n","protected":false},"excerpt":{"rendered":"<ul>\n<li>Lavabo b\u1eb1ng \u0111\u00e1 t\u1ef1 nhi\u00ean<\/li>\n<li>\u0110\u00e1 marble kem sang tr\u1ecdng, \u0111\u1ed9c \u0111\u00e1o<\/li>\n<li>Tr\u1ecdng l\u01b0\u1ee3ng: +\/- 20kg\/chi\u1ebfc<\/li>\n<li>K\u00edch th\u01b0\u1edbc: \u00d0\u01b0\u1eddng k\u00ednh ph\u1ee7 b\u00ec 400mm x cao 150mm<\/li>\n<li>S\u1ea3n xu\u1ea5t t\u1ea1i Indonesia theo ti\u00eau chu\u1ea9n \u0111\u1eb7t h\u00e0ng c\u1ee7a <strong>KanLy\u00ae<\/strong><\/li>\n<li>Ho\u00e0n thi\u1ec7n ch\u1ebf t\u00e1c t\u1eeb \u0111\u00e1 nguy\u00ean kh\u1ed1i t\u1ef1 nhi\u00ean \u0111\u01b0\u1ee3c khai th\u00e1c m\u1ecf<\/li>\n<li>T\u00ean g\u1ecdi\/lo\u1ea1i \u0111\u00e1: Cream Marble, Marble m\u00e0u kem&#8230;<\/li>\n<\/ul>\n","protected":false},"featured_media":11554,"template":"","meta":[],"product_brand":[],"product_cat":[33],"product_tag":[449,82,49],"pa_chat-lieu-bo-xa":[],"pa_chat-lieu-chau-dong":[],"pa_chat-lieu-da":[243],"pa_chuc-nang-ban-de-vat-tu":[],"pa_chuc-nang-bo-xa":[],"pa_chuc-nang-chau-dong":[],"pa_chuc-nang-phu-kien":[],"pa_chuc-nang-sen-tam":[],"pa_chuc-nang-voi-nuoc":[],"pa_kich-thuoc-lavabo-da":[240],"pa_kich-thuoc-pheu-thu-san":[],"pa_kich-thuoc-voi-lavabo":[],"pa_kieu-dang-chau-su-mau":[],"pa_kieu-dang-lavabo-da":[234],"pa_loai-thiet-bi":[208],"pa_mau-bo-xa":[],"pa_mau-chau-dong":[],"pa_mau-lavabo-da":[268],"pa_mau-pheu-thu-san":[],"pa_mau-phu-kien":[],"pa_mau-sen-tam":[],"pa_mau-voi-nuoc-lavabo":[],"pa_xuat-su-chau-dong":[],"pa_xuat-xu":[253],"class_list":{"0":"post-11550","1":"product","2":"type-product","3":"status-publish","4":"has-post-thumbnail","6":"product_cat-lavabo-da-tu-nhien","7":"product_tag-lavabo-da-kieu-vuong","8":"product_tag-lavabo-da-marble","9":"product_tag-lavabo-da-tu-nhien","10":"pa_chat-lieu-da-da-marble","11":"pa_kich-thuoc-lavabo-da-size-40cm","12":"pa_kieu-dang-lavabo-da-kieu-vuong","13":"pa_loai-thiet-bi-lavabo-da-tu-nhien","14":"pa_mau-lavabo-da-kem","15":"pa_xuat-xu-indonesia","17":"first","18":"instock","19":"shipping-taxable","20":"product-type-simple"},"yoast_head":"<!-- This site is optimized with the Yoast SEO plugin v27.3 - https:\/\/yoast.com\/product\/yoast-seo-wordpress\/ -->\n<title>Ch\u1eadu r\u1eeda m\u1eb7t vu\u00f4ng b\u1eb1ng \u0111\u00e1 cream marble \u0111\u1ed9c \u0111\u00e1o | KanLy<\/title>\n<meta name=\"description\" content=\"Khi b\u00e0y tr\u00ed ch\u1eadu r\u1eeda m\u1eb7t vu\u00f4ng b\u1eb1ng \u0111\u00e1 cream marble s\u1ebd l\u00e0m cho nh\u1eefng ai \u0111\u00e3 s\u1eed d\u1ee5ng qua \u0111\u1ec1u c\u1ea3m th\u1ea5y s\u1ef1 \u0111\u1ed9c \u0111\u00e1o v\u00e0 v\u1ebb \u0111\u1eb9p t\u1ef1 nhi\u00ean.\" \/>\n<meta name=\"robots\" content=\"index, follow, max-snippet:-1, max-image-preview:large, max-video-preview:-1\" \/>\n<link rel=\"canonical\" href=\"https:\/\/kanly.vn\/shop\/product\/chau-rua-mat-vuong-bang-da-cream-marble-mar051i\/\" \/>\n<meta property=\"og:locale\" content=\"vi_VN\" \/>\n<meta property=\"og:type\" content=\"article\" \/>\n<meta property=\"og:title\" content=\"Ch\u1eadu r\u1eeda m\u1eb7t vu\u00f4ng b\u1eb1ng \u0111\u00e1 cream marble \u0111\u1ed9c \u0111\u00e1o | KanLy\" \/>\n<meta property=\"og:description\" content=\"Khi b\u00e0y tr\u00ed ch\u1eadu r\u1eeda m\u1eb7t vu\u00f4ng b\u1eb1ng \u0111\u00e1 cream marble s\u1ebd l\u00e0m cho nh\u1eefng ai \u0111\u00e3 s\u1eed d\u1ee5ng qua \u0111\u1ec1u c\u1ea3m th\u1ea5y s\u1ef1 \u0111\u1ed9c \u0111\u00e1o v\u00e0 v\u1ebb \u0111\u1eb9p t\u1ef1 nhi\u00ean.\" \/>\n<meta property=\"og:url\" content=\"https:\/\/kanly.vn\/shop\/product\/chau-rua-mat-vuong-bang-da-cream-marble-mar051i\/\" \/>\n<meta property=\"og:site_name\" content=\"C\u00d4NG TY TNHH KANLY\" \/>\n<meta property=\"article:publisher\" content=\"http:\/\/facebook.com\/kanly.vn\" \/>\n<meta property=\"article:modified_time\" content=\"2026-04-01T04:29:09+00:00\" \/>\n<meta property=\"og:image\" content=\"https:\/\/kanly.vn\/shop\/wp-content\/uploads\/2023\/10\/chau-rua-mat-vuong-bang-da-cream-marble-mar051i-t.jpg\" \/>\n\t<meta property=\"og:image:width\" content=\"800\" \/>\n\t<meta property=\"og:image:height\" content=\"800\" \/>\n\t<meta property=\"og:image:type\" content=\"image\/jpeg\" \/>\n<meta name=\"twitter:card\" content=\"summary_large_image\" \/>\n<meta name=\"twitter:label1\" content=\"\u01af\u1edbc t\u00ednh th\u1eddi gian \u0111\u1ecdc\" \/>\n\t<meta name=\"twitter:data1\" content=\"5 ph\u00fat\" \/>\n<script type=\"application\/ld+json\" class=\"yoast-schema-graph\">{\"@context\":\"https:\\\/\\\/schema.org\",\"@graph\":[{\"@type\":\"WebPage\",\"@id\":\"https:\\\/\\\/kanly.vn\\\/shop\\\/product\\\/chau-rua-mat-vuong-bang-da-cream-marble-mar051i\\\/\",\"url\":\"https:\\\/\\\/kanly.vn\\\/shop\\\/product\\\/chau-rua-mat-vuong-bang-da-cream-marble-mar051i\\\/\",\"name\":\"Ch\u1eadu r\u1eeda m\u1eb7t vu\u00f4ng b\u1eb1ng \u0111\u00e1 cream marble \u0111\u1ed9c \u0111\u00e1o | KanLy\",\"isPartOf\":{\"@id\":\"https:\\\/\\\/kanly.vn\\\/shop\\\/#website\"},\"primaryImageOfPage\":{\"@id\":\"https:\\\/\\\/kanly.vn\\\/shop\\\/product\\\/chau-rua-mat-vuong-bang-da-cream-marble-mar051i\\\/#primaryimage\"},\"image\":{\"@id\":\"https:\\\/\\\/kanly.vn\\\/shop\\\/product\\\/chau-rua-mat-vuong-bang-da-cream-marble-mar051i\\\/#primaryimage\"},\"thumbnailUrl\":\"https:\\\/\\\/kanly.vn\\\/shop\\\/wp-content\\\/uploads\\\/2023\\\/10\\\/chau-rua-mat-vuong-bang-da-cream-marble-mar051i-t.jpg\",\"datePublished\":\"2023-10-02T04:53:36+00:00\",\"dateModified\":\"2026-04-01T04:29:09+00:00\",\"description\":\"Khi b\u00e0y tr\u00ed ch\u1eadu r\u1eeda m\u1eb7t vu\u00f4ng b\u1eb1ng \u0111\u00e1 cream marble s\u1ebd l\u00e0m cho nh\u1eefng ai \u0111\u00e3 s\u1eed d\u1ee5ng qua \u0111\u1ec1u c\u1ea3m th\u1ea5y s\u1ef1 \u0111\u1ed9c \u0111\u00e1o v\u00e0 v\u1ebb \u0111\u1eb9p t\u1ef1 nhi\u00ean.\",\"breadcrumb\":{\"@id\":\"https:\\\/\\\/kanly.vn\\\/shop\\\/product\\\/chau-rua-mat-vuong-bang-da-cream-marble-mar051i\\\/#breadcrumb\"},\"inLanguage\":\"vi\",\"potentialAction\":[{\"@type\":\"ReadAction\",\"target\":[\"https:\\\/\\\/kanly.vn\\\/shop\\\/product\\\/chau-rua-mat-vuong-bang-da-cream-marble-mar051i\\\/\"]}]},{\"@type\":\"ImageObject\",\"inLanguage\":\"vi\",\"@id\":\"https:\\\/\\\/kanly.vn\\\/shop\\\/product\\\/chau-rua-mat-vuong-bang-da-cream-marble-mar051i\\\/#primaryimage\",\"url\":\"https:\\\/\\\/kanly.vn\\\/shop\\\/wp-content\\\/uploads\\\/2023\\\/10\\\/chau-rua-mat-vuong-bang-da-cream-marble-mar051i-t.jpg\",\"contentUrl\":\"https:\\\/\\\/kanly.vn\\\/shop\\\/wp-content\\\/uploads\\\/2023\\\/10\\\/chau-rua-mat-vuong-bang-da-cream-marble-mar051i-t.jpg\",\"width\":800,\"height\":800,\"caption\":\"Ch\u1eadu r\u1eeda m\u1eb7t vu\u00f4ng b\u1eb1ng \u0111\u00e1 cream marble MAR051i\"},{\"@type\":\"BreadcrumbList\",\"@id\":\"https:\\\/\\\/kanly.vn\\\/shop\\\/product\\\/chau-rua-mat-vuong-bang-da-cream-marble-mar051i\\\/#breadcrumb\",\"itemListElement\":[{\"@type\":\"ListItem\",\"position\":1,\"name\":\"Home\",\"item\":\"https:\\\/\\\/kanly.vn\\\/shop\\\/\"},{\"@type\":\"ListItem\",\"position\":2,\"name\":\"Thi\u1ebft b\u1ecb\",\"item\":\"https:\\\/\\\/kanly.vn\\\/shop\\\/thiet-bi-ve-sinh-co-dien\\\/\"},{\"@type\":\"ListItem\",\"position\":3,\"name\":\"Ch\u1eadu r\u1eeda m\u1eb7t vu\u00f4ng b\u1eb1ng \u0111\u00e1 cream marble MAR051i\"}]},{\"@type\":\"WebSite\",\"@id\":\"https:\\\/\\\/kanly.vn\\\/shop\\\/#website\",\"url\":\"https:\\\/\\\/kanly.vn\\\/shop\\\/\",\"name\":\"KanLy\",\"description\":\"Thi\u1ebft b\u1ecb v\u1ec7 sinh, ph\u00f2ng t\u1eafm c\u1ed5 \u0111i\u1ec3n\",\"publisher\":{\"@id\":\"https:\\\/\\\/kanly.vn\\\/shop\\\/#organization\"},\"potentialAction\":[{\"@type\":\"SearchAction\",\"target\":{\"@type\":\"EntryPoint\",\"urlTemplate\":\"https:\\\/\\\/kanly.vn\\\/shop\\\/?s={search_term_string}\"},\"query-input\":{\"@type\":\"PropertyValueSpecification\",\"valueRequired\":true,\"valueName\":\"search_term_string\"}}],\"inLanguage\":\"vi\"},{\"@type\":\"Organization\",\"@id\":\"https:\\\/\\\/kanly.vn\\\/shop\\\/#organization\",\"name\":\"C\u00d4NG TY TNHH KANLY\",\"url\":\"https:\\\/\\\/kanly.vn\\\/shop\\\/\",\"logo\":{\"@type\":\"ImageObject\",\"inLanguage\":\"vi\",\"@id\":\"https:\\\/\\\/kanly.vn\\\/shop\\\/#\\\/schema\\\/logo\\\/image\\\/\",\"url\":\"https:\\\/\\\/kanly.vn\\\/shop\\\/wp-content\\\/uploads\\\/2023\\\/10\\\/Logo_2015-copy-scaled.jpg\",\"contentUrl\":\"https:\\\/\\\/kanly.vn\\\/shop\\\/wp-content\\\/uploads\\\/2023\\\/10\\\/Logo_2015-copy-scaled.jpg\",\"width\":2560,\"height\":730,\"caption\":\"C\u00d4NG TY TNHH KANLY\"},\"image\":{\"@id\":\"https:\\\/\\\/kanly.vn\\\/shop\\\/#\\\/schema\\\/logo\\\/image\\\/\"},\"sameAs\":[\"http:\\\/\\\/facebook.com\\\/kanly.vn\"]}]}<\/script>\n<!-- \/ Yoast SEO plugin. -->","yoast_head_json":{"title":"Ch\u1eadu r\u1eeda m\u1eb7t vu\u00f4ng b\u1eb1ng \u0111\u00e1 cream marble \u0111\u1ed9c \u0111\u00e1o | KanLy","description":"Khi b\u00e0y tr\u00ed ch\u1eadu r\u1eeda m\u1eb7t vu\u00f4ng b\u1eb1ng \u0111\u00e1 cream marble s\u1ebd l\u00e0m cho nh\u1eefng ai \u0111\u00e3 s\u1eed d\u1ee5ng qua \u0111\u1ec1u c\u1ea3m th\u1ea5y s\u1ef1 \u0111\u1ed9c \u0111\u00e1o v\u00e0 v\u1ebb \u0111\u1eb9p t\u1ef1 nhi\u00ean.","robots":{"index":"index","follow":"follow","max-snippet":"max-snippet:-1","max-image-preview":"max-image-preview:large","max-video-preview":"max-video-preview:-1"},"canonical":"https:\/\/kanly.vn\/shop\/product\/chau-rua-mat-vuong-bang-da-cream-marble-mar051i\/","og_locale":"vi_VN","og_type":"article","og_title":"Ch\u1eadu r\u1eeda m\u1eb7t vu\u00f4ng b\u1eb1ng \u0111\u00e1 cream marble \u0111\u1ed9c \u0111\u00e1o | KanLy","og_description":"Khi b\u00e0y tr\u00ed ch\u1eadu r\u1eeda m\u1eb7t vu\u00f4ng b\u1eb1ng \u0111\u00e1 cream marble s\u1ebd l\u00e0m cho nh\u1eefng ai \u0111\u00e3 s\u1eed d\u1ee5ng qua \u0111\u1ec1u c\u1ea3m th\u1ea5y s\u1ef1 \u0111\u1ed9c \u0111\u00e1o v\u00e0 v\u1ebb \u0111\u1eb9p t\u1ef1 nhi\u00ean.","og_url":"https:\/\/kanly.vn\/shop\/product\/chau-rua-mat-vuong-bang-da-cream-marble-mar051i\/","og_site_name":"C\u00d4NG TY TNHH KANLY","article_publisher":"http:\/\/facebook.com\/kanly.vn","article_modified_time":"2026-04-01T04:29:09+00:00","og_image":[{"width":800,"height":800,"url":"https:\/\/kanly.vn\/shop\/wp-content\/uploads\/2023\/10\/chau-rua-mat-vuong-bang-da-cream-marble-mar051i-t.jpg","type":"image\/jpeg"}],"twitter_card":"summary_large_image","twitter_misc":{"\u01af\u1edbc t\u00ednh th\u1eddi gian \u0111\u1ecdc":"5 ph\u00fat"},"schema":{"@context":"https:\/\/schema.org","@graph":[{"@type":"WebPage","@id":"https:\/\/kanly.vn\/shop\/product\/chau-rua-mat-vuong-bang-da-cream-marble-mar051i\/","url":"https:\/\/kanly.vn\/shop\/product\/chau-rua-mat-vuong-bang-da-cream-marble-mar051i\/","name":"Ch\u1eadu r\u1eeda m\u1eb7t vu\u00f4ng b\u1eb1ng \u0111\u00e1 cream marble \u0111\u1ed9c \u0111\u00e1o | KanLy","isPartOf":{"@id":"https:\/\/kanly.vn\/shop\/#website"},"primaryImageOfPage":{"@id":"https:\/\/kanly.vn\/shop\/product\/chau-rua-mat-vuong-bang-da-cream-marble-mar051i\/#primaryimage"},"image":{"@id":"https:\/\/kanly.vn\/shop\/product\/chau-rua-mat-vuong-bang-da-cream-marble-mar051i\/#primaryimage"},"thumbnailUrl":"https:\/\/kanly.vn\/shop\/wp-content\/uploads\/2023\/10\/chau-rua-mat-vuong-bang-da-cream-marble-mar051i-t.jpg","datePublished":"2023-10-02T04:53:36+00:00","dateModified":"2026-04-01T04:29:09+00:00","description":"Khi b\u00e0y tr\u00ed ch\u1eadu r\u1eeda m\u1eb7t vu\u00f4ng b\u1eb1ng \u0111\u00e1 cream marble s\u1ebd l\u00e0m cho nh\u1eefng ai \u0111\u00e3 s\u1eed d\u1ee5ng qua \u0111\u1ec1u c\u1ea3m th\u1ea5y s\u1ef1 \u0111\u1ed9c \u0111\u00e1o v\u00e0 v\u1ebb \u0111\u1eb9p t\u1ef1 nhi\u00ean.","breadcrumb":{"@id":"https:\/\/kanly.vn\/shop\/product\/chau-rua-mat-vuong-bang-da-cream-marble-mar051i\/#breadcrumb"},"inLanguage":"vi","potentialAction":[{"@type":"ReadAction","target":["https:\/\/kanly.vn\/shop\/product\/chau-rua-mat-vuong-bang-da-cream-marble-mar051i\/"]}]},{"@type":"ImageObject","inLanguage":"vi","@id":"https:\/\/kanly.vn\/shop\/product\/chau-rua-mat-vuong-bang-da-cream-marble-mar051i\/#primaryimage","url":"https:\/\/kanly.vn\/shop\/wp-content\/uploads\/2023\/10\/chau-rua-mat-vuong-bang-da-cream-marble-mar051i-t.jpg","contentUrl":"https:\/\/kanly.vn\/shop\/wp-content\/uploads\/2023\/10\/chau-rua-mat-vuong-bang-da-cream-marble-mar051i-t.jpg","width":800,"height":800,"caption":"Ch\u1eadu r\u1eeda m\u1eb7t vu\u00f4ng b\u1eb1ng \u0111\u00e1 cream marble MAR051i"},{"@type":"BreadcrumbList","@id":"https:\/\/kanly.vn\/shop\/product\/chau-rua-mat-vuong-bang-da-cream-marble-mar051i\/#breadcrumb","itemListElement":[{"@type":"ListItem","position":1,"name":"Home","item":"https:\/\/kanly.vn\/shop\/"},{"@type":"ListItem","position":2,"name":"Thi\u1ebft b\u1ecb","item":"https:\/\/kanly.vn\/shop\/thiet-bi-ve-sinh-co-dien\/"},{"@type":"ListItem","position":3,"name":"Ch\u1eadu r\u1eeda m\u1eb7t vu\u00f4ng b\u1eb1ng \u0111\u00e1 cream marble MAR051i"}]},{"@type":"WebSite","@id":"https:\/\/kanly.vn\/shop\/#website","url":"https:\/\/kanly.vn\/shop\/","name":"KanLy","description":"Thi\u1ebft b\u1ecb v\u1ec7 sinh, ph\u00f2ng t\u1eafm c\u1ed5 \u0111i\u1ec3n","publisher":{"@id":"https:\/\/kanly.vn\/shop\/#organization"},"potentialAction":[{"@type":"SearchAction","target":{"@type":"EntryPoint","urlTemplate":"https:\/\/kanly.vn\/shop\/?s={search_term_string}"},"query-input":{"@type":"PropertyValueSpecification","valueRequired":true,"valueName":"search_term_string"}}],"inLanguage":"vi"},{"@type":"Organization","@id":"https:\/\/kanly.vn\/shop\/#organization","name":"C\u00d4NG TY TNHH KANLY","url":"https:\/\/kanly.vn\/shop\/","logo":{"@type":"ImageObject","inLanguage":"vi","@id":"https:\/\/kanly.vn\/shop\/#\/schema\/logo\/image\/","url":"https:\/\/kanly.vn\/shop\/wp-content\/uploads\/2023\/10\/Logo_2015-copy-scaled.jpg","contentUrl":"https:\/\/kanly.vn\/shop\/wp-content\/uploads\/2023\/10\/Logo_2015-copy-scaled.jpg","width":2560,"height":730,"caption":"C\u00d4NG TY TNHH KANLY"},"image":{"@id":"https:\/\/kanly.vn\/shop\/#\/schema\/logo\/image\/"},"sameAs":["http:\/\/facebook.com\/kanly.vn"]}]}},"_links":{"self":[{"href":"https:\/\/kanly.vn\/shop\/wp-json\/wp\/v2\/product\/11550","targetHints":{"allow":["GET"]}}],"collection":[{"href":"https:\/\/kanly.vn\/shop\/wp-json\/wp\/v2\/product"}],"about":[{"href":"https:\/\/kanly.vn\/shop\/wp-json\/wp\/v2\/types\/product"}],"wp:featuredmedia":[{"embeddable":true,"href":"https:\/\/kanly.vn\/shop\/wp-json\/wp\/v2\/media\/11554"}],"wp:attachment":[{"href":"https:\/\/kanly.vn\/shop\/wp-json\/wp\/v2\/media?parent=11550"}],"wp:term":[{"taxonomy":"product_brand","embeddable":true,"href":"https:\/\/kanly.vn\/shop\/wp-json\/wp\/v2\/product_brand?post=11550"},{"taxonomy":"product_cat","embeddable":true,"href":"https:\/\/kanly.vn\/shop\/wp-json\/wp\/v2\/product_cat?post=11550"},{"taxonomy":"product_tag","embeddable":true,"href":"https:\/\/kanly.vn\/shop\/wp-json\/wp\/v2\/product_tag?post=11550"},{"taxonomy":"pa_chat-lieu-bo-xa","embeddable":true,"href":"https:\/\/kanly.vn\/shop\/wp-json\/wp\/v2\/pa_chat-lieu-bo-xa?post=11550"},{"taxonomy":"pa_chat-lieu-chau-dong","embeddable":true,"href":"https:\/\/kanly.vn\/shop\/wp-json\/wp\/v2\/pa_chat-lieu-chau-dong?post=11550"},{"taxonomy":"pa_chat-lieu-da","embeddable":true,"href":"https:\/\/kanly.vn\/shop\/wp-json\/wp\/v2\/pa_chat-lieu-da?post=11550"},{"taxonomy":"pa_chuc-nang-ban-de-vat-tu","embeddable":true,"href":"https:\/\/kanly.vn\/shop\/wp-json\/wp\/v2\/pa_chuc-nang-ban-de-vat-tu?post=11550"},{"taxonomy":"pa_chuc-nang-bo-xa","embeddable":true,"href":"https:\/\/kanly.vn\/shop\/wp-json\/wp\/v2\/pa_chuc-nang-bo-xa?post=11550"},{"taxonomy":"pa_chuc-nang-chau-dong","embeddable":true,"href":"https:\/\/kanly.vn\/shop\/wp-json\/wp\/v2\/pa_chuc-nang-chau-dong?post=11550"},{"taxonomy":"pa_chuc-nang-phu-kien","embeddable":true,"href":"https:\/\/kanly.vn\/shop\/wp-json\/wp\/v2\/pa_chuc-nang-phu-kien?post=11550"},{"taxonomy":"pa_chuc-nang-sen-tam","embeddable":true,"href":"https:\/\/kanly.vn\/shop\/wp-json\/wp\/v2\/pa_chuc-nang-sen-tam?post=11550"},{"taxonomy":"pa_chuc-nang-voi-nuoc","embeddable":true,"href":"https:\/\/kanly.vn\/shop\/wp-json\/wp\/v2\/pa_chuc-nang-voi-nuoc?post=11550"},{"taxonomy":"pa_kich-thuoc-lavabo-da","embeddable":true,"href":"https:\/\/kanly.vn\/shop\/wp-json\/wp\/v2\/pa_kich-thuoc-lavabo-da?post=11550"},{"taxonomy":"pa_kich-thuoc-pheu-thu-san","embeddable":true,"href":"https:\/\/kanly.vn\/shop\/wp-json\/wp\/v2\/pa_kich-thuoc-pheu-thu-san?post=11550"},{"taxonomy":"pa_kich-thuoc-voi-lavabo","embeddable":true,"href":"https:\/\/kanly.vn\/shop\/wp-json\/wp\/v2\/pa_kich-thuoc-voi-lavabo?post=11550"},{"taxonomy":"pa_kieu-dang-chau-su-mau","embeddable":true,"href":"https:\/\/kanly.vn\/shop\/wp-json\/wp\/v2\/pa_kieu-dang-chau-su-mau?post=11550"},{"taxonomy":"pa_kieu-dang-lavabo-da","embeddable":true,"href":"https:\/\/kanly.vn\/shop\/wp-json\/wp\/v2\/pa_kieu-dang-lavabo-da?post=11550"},{"taxonomy":"pa_loai-thiet-bi","embeddable":true,"href":"https:\/\/kanly.vn\/shop\/wp-json\/wp\/v2\/pa_loai-thiet-bi?post=11550"},{"taxonomy":"pa_mau-bo-xa","embeddable":true,"href":"https:\/\/kanly.vn\/shop\/wp-json\/wp\/v2\/pa_mau-bo-xa?post=11550"},{"taxonomy":"pa_mau-chau-dong","embeddable":true,"href":"https:\/\/kanly.vn\/shop\/wp-json\/wp\/v2\/pa_mau-chau-dong?post=11550"},{"taxonomy":"pa_mau-lavabo-da","embeddable":true,"href":"https:\/\/kanly.vn\/shop\/wp-json\/wp\/v2\/pa_mau-lavabo-da?post=11550"},{"taxonomy":"pa_mau-pheu-thu-san","embeddable":true,"href":"https:\/\/kanly.vn\/shop\/wp-json\/wp\/v2\/pa_mau-pheu-thu-san?post=11550"},{"taxonomy":"pa_mau-phu-kien","embeddable":true,"href":"https:\/\/kanly.vn\/shop\/wp-json\/wp\/v2\/pa_mau-phu-kien?post=11550"},{"taxonomy":"pa_mau-sen-tam","embeddable":true,"href":"https:\/\/kanly.vn\/shop\/wp-json\/wp\/v2\/pa_mau-sen-tam?post=11550"},{"taxonomy":"pa_mau-voi-nuoc-lavabo","embeddable":true,"href":"https:\/\/kanly.vn\/shop\/wp-json\/wp\/v2\/pa_mau-voi-nuoc-lavabo?post=11550"},{"taxonomy":"pa_xuat-su-chau-dong","embeddable":true,"href":"https:\/\/kanly.vn\/shop\/wp-json\/wp\/v2\/pa_xuat-su-chau-dong?post=11550"},{"taxonomy":"pa_xuat-xu","embeddable":true,"href":"https:\/\/kanly.vn\/shop\/wp-json\/wp\/v2\/pa_xuat-xu?post=11550"}],"curies":[{"name":"wp","href":"https:\/\/api.w.org\/{rel}","templated":true}]}}